{"id":3536,"date":"2025-04-01T08:27:35","date_gmt":"2025-04-01T06:27:35","guid":{"rendered":"https:\/\/beximpaletten.cz\/produkt\/box-v-334\/"},"modified":"2025-05-19T09:29:42","modified_gmt":"2025-05-19T07:29:42","slug":"box-v-334","status":"publish","type":"product","link":"https:\/\/beximpaletten.cz\/en\/produkt\/box-v-334\/","title":{"rendered":"Box V-334"},"content":{"rendered":"\t\t<div data-elementor-type=\"product-post\" data-elementor-id=\"3536\" class=\"elementor elementor-3536 elementor-2980\" data-elementor-post-type=\"product\">\n\t\t\t\t\t\t<section class=\"elementor-section elementor-top-section elementor-element elementor-element-594d242d elementor-section-boxed elementor-section-height-default elementor-section-height-default\" data-id=\"594d242d\" data-element_type=\"section\" data-e-type=\"section\">\n\t\t\t\t\t\t<div class=\"elementor-container elementor-column-gap-default\">\n\t\t\t\t\t<div class=\"elementor-column elementor-col-100 elementor-top-column elementor-element elementor-element-2580b042\" data-id=\"2580b042\" data-element_type=\"column\" data-e-type=\"column\">\n\t\t\t<div class=\"elementor-widget-wrap elementor-element-populated\">\n\t\t\t\t\t\t<div class=\"elementor-element elementor-element-2265fb2f elementor-widget elementor-widget-text-editor\" data-id=\"2265fb2f\" data-element_type=\"widget\" data-e-type=\"widget\" data-widget_type=\"text-editor.default\">\n\t\t\t\t<div class=\"elementor-widget-container\">\n\t\t\t\t\t\t\t\t\t<table><tbody><tr><td><strong>Typ<\/strong><\/td><td><strong>Vn\u011bj\u0161\u00ed rozm\u011bry<\/strong><br \/>\u0160 x H x V<\/td><\/tr><tr><td>V-334<\/td><td>1200 x 930 x 1960<\/td><\/tr><\/tbody><\/table><p>\u00a0<\/p>\t\t\t\t\t\t\t\t<\/div>\n\t\t\t\t<\/div>\n\t\t\t\t\t<\/div>\n\t\t<\/div>\n\t\t\t\t\t<\/div>\n\t\t<\/section>\n\t\t\t\t<\/div>\n\t\t","protected":false},"excerpt":{"rendered":"<p>Typ Vn\u011bj\u0161\u00ed rozm\u011bry \u0160 x H x V V-334 1200 x 930 x 1960<\/p>\n","protected":false},"featured_media":1624,"template":"","meta":{"_acf_changed":false},"product_brand":[],"product_cat":[94],"product_tag":[],"class_list":{"0":"post-3536","1":"product","2":"type-product","3":"status-publish","4":"has-post-thumbnail","6":"product_cat-special-products","8":"first","9":"instock","10":"taxable","11":"shipping-taxable","12":"product-type-simple"},"acf":[],"_links":{"self":[{"href":"https:\/\/beximpaletten.cz\/en\/wp-json\/wp\/v2\/product\/3536","targetHints":{"allow":["GET"]}}],"collection":[{"href":"https:\/\/beximpaletten.cz\/en\/wp-json\/wp\/v2\/product"}],"about":[{"href":"https:\/\/beximpaletten.cz\/en\/wp-json\/wp\/v2\/types\/product"}],"version-history":[{"count":6,"href":"https:\/\/beximpaletten.cz\/en\/wp-json\/wp\/v2\/product\/3536\/revisions"}],"predecessor-version":[{"id":4867,"href":"https:\/\/beximpaletten.cz\/en\/wp-json\/wp\/v2\/product\/3536\/revisions\/4867"}],"wp:featuredmedia":[{"embeddable":true,"href":"https:\/\/beximpaletten.cz\/en\/wp-json\/wp\/v2\/media\/1624"}],"wp:attachment":[{"href":"https:\/\/beximpaletten.cz\/en\/wp-json\/wp\/v2\/media?parent=3536"}],"wp:term":[{"taxonomy":"product_brand","embeddable":true,"href":"https:\/\/beximpaletten.cz\/en\/wp-json\/wp\/v2\/product_brand?post=3536"},{"taxonomy":"product_cat","embeddable":true,"href":"https:\/\/beximpaletten.cz\/en\/wp-json\/wp\/v2\/product_cat?post=3536"},{"taxonomy":"product_tag","embeddable":true,"href":"https:\/\/beximpaletten.cz\/en\/wp-json\/wp\/v2\/product_tag?post=3536"}],"curies":[{"name":"wp","href":"https:\/\/api.w.org\/{rel}","templated":true}]}}