{"id":3567,"date":"2025-04-01T08:43:38","date_gmt":"2025-04-01T06:43:38","guid":{"rendered":"https:\/\/beximpaletten.cz\/produkt\/rolkontejner-na-pradlo-v-571\/"},"modified":"2025-05-19T09:59:07","modified_gmt":"2025-05-19T07:59:07","slug":"rollbarer-waeschebehaelter-v-571","status":"publish","type":"product","link":"https:\/\/beximpaletten.cz\/de\/produkt\/rollbarer-waeschebehaelter-v-571\/","title":{"rendered":"Rollbarer W\u00e4schebeh\u00e4lter V-571"},"content":{"rendered":"\t\t<div data-elementor-type=\"product-post\" data-elementor-id=\"3567\" class=\"elementor elementor-3567 elementor-3007\" data-elementor-post-type=\"product\">\n\t\t\t\t\t\t<section class=\"elementor-section elementor-top-section elementor-element elementor-element-f375cb5 elementor-section-boxed elementor-section-height-default elementor-section-height-default\" data-id=\"f375cb5\" data-element_type=\"section\" data-e-type=\"section\">\n\t\t\t\t\t\t<div class=\"elementor-container elementor-column-gap-default\">\n\t\t\t\t\t<div class=\"elementor-column elementor-col-100 elementor-top-column elementor-element elementor-element-a78ce2d\" data-id=\"a78ce2d\" data-element_type=\"column\" data-e-type=\"column\">\n\t\t\t<div class=\"elementor-widget-wrap elementor-element-populated\">\n\t\t\t\t\t\t<div class=\"elementor-element elementor-element-810ee50 elementor-widget elementor-widget-text-editor\" data-id=\"810ee50\" data-element_type=\"widget\" data-e-type=\"widget\" data-widget_type=\"text-editor.default\">\n\t\t\t\t<div class=\"elementor-widget-container\">\n\t\t\t\t\t\t\t\t\t<table>\n<tbody>\n<tr>\n<td><strong>Typ<\/strong><\/td>\n<td><strong data-start=\"10\" data-end=\"32\">\u00c4u\u00dfere Abmessungen<\/strong><br data-start=\"32\" data-end=\"35\">\nB x H x T<\/td>\n<\/tr>\n<tr>\n<td>V-571 (DBX)<\/td>\n<td>\n<p>820 x 600 x 1780 mm<\/p>\n<p>820 x 600 x 1600 mm<\/p>\n<\/td>\n<\/tr>\n<\/tbody>\n<\/table>\n<p>*H\u00f6he einschlie\u00dflich R\u00e4der \u00f8 125 mm.<\/p>\t\t\t\t\t\t\t\t<\/div>\n\t\t\t\t<\/div>\n\t\t\t\t\t<\/div>\n\t\t<\/div>\n\t\t\t\t\t<\/div>\n\t\t<\/section>\n\t\t\t\t<\/div>\n\t\t","protected":false},"excerpt":{"rendered":"<p>Typ \u00c4u\u00dfere AbmessungenB x H x T V-571 (DBX) 820 x 600 x 1780 mm 820 x 600 x 1600 mm *H\u00f6he einschlie\u00dflich R\u00e4der \u00f8 125 mm.<\/p>\n","protected":false},"featured_media":1633,"template":"","meta":{"_acf_changed":false},"product_brand":[],"product_cat":[89],"product_tag":[],"class_list":{"0":"post-3567","1":"product","2":"type-product","3":"status-publish","4":"has-post-thumbnail","6":"product_cat-waeschereilogistik","8":"first","9":"instock","10":"taxable","11":"shipping-taxable","12":"product-type-simple"},"acf":[],"_links":{"self":[{"href":"https:\/\/beximpaletten.cz\/de\/wp-json\/wp\/v2\/product\/3567","targetHints":{"allow":["GET"]}}],"collection":[{"href":"https:\/\/beximpaletten.cz\/de\/wp-json\/wp\/v2\/product"}],"about":[{"href":"https:\/\/beximpaletten.cz\/de\/wp-json\/wp\/v2\/types\/product"}],"version-history":[{"count":6,"href":"https:\/\/beximpaletten.cz\/de\/wp-json\/wp\/v2\/product\/3567\/revisions"}],"predecessor-version":[{"id":4907,"href":"https:\/\/beximpaletten.cz\/de\/wp-json\/wp\/v2\/product\/3567\/revisions\/4907"}],"wp:featuredmedia":[{"embeddable":true,"href":"https:\/\/beximpaletten.cz\/de\/wp-json\/wp\/v2\/media\/1633"}],"wp:attachment":[{"href":"https:\/\/beximpaletten.cz\/de\/wp-json\/wp\/v2\/media?parent=3567"}],"wp:term":[{"taxonomy":"product_brand","embeddable":true,"href":"https:\/\/beximpaletten.cz\/de\/wp-json\/wp\/v2\/product_brand?post=3567"},{"taxonomy":"product_cat","embeddable":true,"href":"https:\/\/beximpaletten.cz\/de\/wp-json\/wp\/v2\/product_cat?post=3567"},{"taxonomy":"product_tag","embeddable":true,"href":"https:\/\/beximpaletten.cz\/de\/wp-json\/wp\/v2\/product_tag?post=3567"}],"curies":[{"name":"wp","href":"https:\/\/api.w.org\/{rel}","templated":true}]}}