{"id":3561,"date":"2025-03-31T15:40:46","date_gmt":"2025-03-31T13:40:46","guid":{"rendered":"https:\/\/beximpaletten.cz\/produkt\/rolkontejner-na-rohoze-v-277b\/"},"modified":"2025-05-12T14:29:35","modified_gmt":"2025-05-12T12:29:35","slug":"rollcontainer-fuer-matten-v-277b","status":"publish","type":"product","link":"https:\/\/beximpaletten.cz\/de\/produkt\/rollcontainer-fuer-matten-v-277b\/","title":{"rendered":"Rollcontainer f\u00fcr Matten V-277(B)"},"content":{"rendered":"\t\t<div data-elementor-type=\"product-post\" data-elementor-id=\"3561\" class=\"elementor elementor-3561 elementor-2925\" data-elementor-post-type=\"product\">\n\t\t\t\t\t\t<section class=\"elementor-section elementor-top-section elementor-element elementor-element-594d242d elementor-section-boxed elementor-section-height-default elementor-section-height-default\" data-id=\"594d242d\" data-element_type=\"section\" data-e-type=\"section\">\n\t\t\t\t\t\t<div class=\"elementor-container elementor-column-gap-default\">\n\t\t\t\t\t<div class=\"elementor-column elementor-col-100 elementor-top-column elementor-element elementor-element-2580b042\" data-id=\"2580b042\" data-element_type=\"column\" data-e-type=\"column\">\n\t\t\t<div class=\"elementor-widget-wrap elementor-element-populated\">\n\t\t\t\t\t\t<div class=\"elementor-element elementor-element-2265fb2f elementor-widget elementor-widget-text-editor\" data-id=\"2265fb2f\" data-element_type=\"widget\" data-e-type=\"widget\" data-widget_type=\"text-editor.default\">\n\t\t\t\t<div class=\"elementor-widget-container\">\n\t\t\t\t\t\t\t\t\t<p>Dient zur effizienten Bef\u00f6rderung von sauberer und gebrauchter W\u00e4sche (Einsatzgebiete: W\u00e4schereien, Hotels, Krankenh\u00e4user und Pflegeheime, Handwerksbetriebe usw.). W\u00e4schereir\u00f6llencontainer in verschiedenen Typen und Ausf\u00fchrungen mit Zubeh\u00f6r bieten die ideale L\u00f6sung f\u00fcr den t\u00e4glichen Einsatz.<\/p>\n<table>\n<tbody>\n<tr>\n<td><strong>Typ<\/strong><\/td>\n<td><strong data-start=\"10\" data-end=\"32\">\u00c4u\u00dfere Abmessungen<\/strong><br data-start=\"32\" data-end=\"35\">B x H x T<\/td>\n<\/tr>\n<tr>\n<td>V-034(F)<\/td>\n<td>&nbsp;960 x 480 x 1730 mm<\/td>\n<\/tr>\n<\/tbody>\n<\/table>\n<p>*H\u00f6he einschlie\u00dflich R\u00e4der \u00f8 125 mm.<\/p>\t\t\t\t\t\t\t\t<\/div>\n\t\t\t\t<\/div>\n\t\t\t\t\t<\/div>\n\t\t<\/div>\n\t\t\t\t\t<\/div>\n\t\t<\/section>\n\t\t\t\t<\/div>\n\t\t","protected":false},"excerpt":{"rendered":"<p>Dient zur effizienten Bef\u00f6rderung von sauberer und gebrauchter W\u00e4sche (Einsatzgebiete: W\u00e4schereien, Hotels, Krankenh\u00e4user und Pflegeheime, Handwerksbetriebe usw.). W\u00e4schereir\u00f6llencontainer in verschiedenen Typen und Ausf\u00fchrungen mit Zubeh\u00f6r bieten die ideale L\u00f6sung f\u00fcr den t\u00e4glichen Einsatz. Typ \u00c4u\u00dfere AbmessungenB x H x T V-034(F) &nbsp;960 x 480 x 1730 mm *H\u00f6he einschlie\u00dflich R\u00e4der \u00f8 125 mm.<\/p>\n","protected":false},"featured_media":1563,"template":"","meta":{"_acf_changed":false},"product_brand":[],"product_cat":[89],"product_tag":[],"class_list":{"0":"post-3561","1":"product","2":"type-product","3":"status-publish","4":"has-post-thumbnail","6":"product_cat-waeschereilogistik","8":"first","9":"instock","10":"taxable","11":"shipping-taxable","12":"product-type-simple"},"acf":[],"_links":{"self":[{"href":"https:\/\/beximpaletten.cz\/de\/wp-json\/wp\/v2\/product\/3561","targetHints":{"allow":["GET"]}}],"collection":[{"href":"https:\/\/beximpaletten.cz\/de\/wp-json\/wp\/v2\/product"}],"about":[{"href":"https:\/\/beximpaletten.cz\/de\/wp-json\/wp\/v2\/types\/product"}],"version-history":[{"count":6,"href":"https:\/\/beximpaletten.cz\/de\/wp-json\/wp\/v2\/product\/3561\/revisions"}],"predecessor-version":[{"id":4619,"href":"https:\/\/beximpaletten.cz\/de\/wp-json\/wp\/v2\/product\/3561\/revisions\/4619"}],"wp:featuredmedia":[{"embeddable":true,"href":"https:\/\/beximpaletten.cz\/de\/wp-json\/wp\/v2\/media\/1563"}],"wp:attachment":[{"href":"https:\/\/beximpaletten.cz\/de\/wp-json\/wp\/v2\/media?parent=3561"}],"wp:term":[{"taxonomy":"product_brand","embeddable":true,"href":"https:\/\/beximpaletten.cz\/de\/wp-json\/wp\/v2\/product_brand?post=3561"},{"taxonomy":"product_cat","embeddable":true,"href":"https:\/\/beximpaletten.cz\/de\/wp-json\/wp\/v2\/product_cat?post=3561"},{"taxonomy":"product_tag","embeddable":true,"href":"https:\/\/beximpaletten.cz\/de\/wp-json\/wp\/v2\/product_tag?post=3561"}],"curies":[{"name":"wp","href":"https:\/\/api.w.org\/{rel}","templated":true}]}}