{"id":2607,"date":"2025-03-24T20:51:17","date_gmt":"2025-03-24T19:51:17","guid":{"rendered":"https:\/\/beximpaletten.cz\/?page_id=2607"},"modified":"2025-03-24T20:51:17","modified_gmt":"2025-03-24T19:51:17","slug":"boxy-na-vino","status":"publish","type":"page","link":"https:\/\/beximpaletten.cz\/de\/produkte\/boxy-na-vino\/","title":{"rendered":"Boxy na v\u00edno"},"content":{"rendered":"\t\t<div data-elementor-type=\"wp-page\" data-elementor-id=\"2607\" class=\"elementor elementor-2607 elementor-2606\" data-elementor-post-type=\"page\">\n\t\t\t\t\t\t<section class=\"elementor-section elementor-top-section elementor-element elementor-element-1b159991 elementor-section-height-min-height elementor-section-content-middle elementor-section-boxed elementor-section-height-default elementor-section-items-middle\" data-id=\"1b159991\" data-element_type=\"section\" data-e-type=\"section\" data-settings=\"{&quot;background_background&quot;:&quot;classic&quot;}\">\n\t\t\t\t\t\t\t<div class=\"elementor-background-overlay\"><\/div>\n\t\t\t\t\t\t\t<div class=\"elementor-container elementor-column-gap-no\">\n\t\t\t\t\t<div class=\"elementor-column elementor-col-100 elementor-top-column elementor-element elementor-element-7d409e2\" data-id=\"7d409e2\" data-element_type=\"column\" data-e-type=\"column\">\n\t\t\t<div class=\"elementor-widget-wrap elementor-element-populated\">\n\t\t\t\t\t\t<div class=\"elementor-element elementor-element-64daa854 elementor-widget elementor-widget-heading\" data-id=\"64daa854\" data-element_type=\"widget\" data-e-type=\"widget\" data-widget_type=\"heading.default\">\n\t\t\t\t<div class=\"elementor-widget-container\">\n\t\t\t\t\t<h2 class=\"elementor-heading-title elementor-size-default\">Boxy na v\u00edno<\/h2>\t\t\t\t<\/div>\n\t\t\t\t<\/div>\n\t\t\t\t\t<\/div>\n\t\t<\/div>\n\t\t\t\t\t<\/div>\n\t\t<\/section>\n\t\t\t\t<section class=\"elementor-section elementor-top-section elementor-element elementor-element-715e968d elementor-section-content-middle elementor-reverse-mobile elementor-section-boxed elementor-section-height-default elementor-section-height-default\" data-id=\"715e968d\" data-element_type=\"section\" data-e-type=\"section\" id=\"onas\">\n\t\t\t\t\t\t<div class=\"elementor-container elementor-column-gap-no\">\n\t\t\t\t\t<div class=\"elementor-column elementor-col-50 elementor-top-column elementor-element elementor-element-41c917ab\" data-id=\"41c917ab\" data-element_type=\"column\" data-e-type=\"column\">\n\t\t\t<div class=\"elementor-widget-wrap elementor-element-populated\">\n\t\t\t\t\t\t<div class=\"elementor-element elementor-element-3681c098 elementor-widget elementor-widget-text-editor\" data-id=\"3681c098\" data-element_type=\"widget\" data-e-type=\"widget\" data-widget_type=\"text-editor.default\">\n\t\t\t\t<div class=\"elementor-widget-container\">\n\t\t\t\t\t\t\t\t\t<p><strong>Dr\u00e1t\u011bn\u00fd kontejner s v\u00fdztuhou slou\u017e\u00ed pro efektivn\u00ed skladov\u00e1n\u00ed a logistiku lahv\u00ed.\u00a0<\/strong><\/p><h2>Hlavn\u00ed p\u0159ednosti:<\/h2><ul><li>n\u00edzk\u00e1 v\u00e1ha<\/li><li>vysok\u00e1 nosnost a\u017e cca 850 kg<\/li><li>vnit\u0159n\u00ed rozm\u011bry (od 822 x 590 x 757 mm)<\/li><li>mo\u017en\u00e1 stohovatelnost pln\u00fdch kontejner\u016f (a\u017e 3ks)<\/li><li>do kontejner\u016f se vejde cca 500-600 ks lahv\u00ed dle typu<\/li><\/ul>\t\t\t\t\t\t\t\t<\/div>\n\t\t\t\t<\/div>\n\t\t\t\t\t<\/div>\n\t\t<\/div>\n\t\t\t\t<div class=\"elementor-column elementor-col-50 elementor-top-column elementor-element elementor-element-5fcf5c8f\" data-id=\"5fcf5c8f\" data-element_type=\"column\" data-e-type=\"column\">\n\t\t\t<div class=\"elementor-widget-wrap elementor-element-populated\">\n\t\t\t\t\t\t\t<\/div>\n\t\t<\/div>\n\t\t\t\t\t<\/div>\n\t\t<\/section>\n\t\t\t\t<section class=\"elementor-section elementor-top-section elementor-element elementor-element-5a008205 elementor-section-content-middle elementor-section-boxed elementor-section-height-default elementor-section-height-default\" data-id=\"5a008205\" data-element_type=\"section\" data-e-type=\"section\" id=\"produkty\" data-settings=\"{&quot;background_background&quot;:&quot;classic&quot;}\">\n\t\t\t\t\t\t<div class=\"elementor-container elementor-column-gap-no\">\n\t\t\t\t\t<div class=\"elementor-column elementor-col-100 elementor-top-column elementor-element elementor-element-5f518556\" data-id=\"5f518556\" data-element_type=\"column\" data-e-type=\"column\">\n\t\t\t<div class=\"elementor-widget-wrap elementor-element-populated\">\n\t\t\t\t\t\t<section class=\"elementor-section elementor-inner-section elementor-element elementor-element-53f278f4 elementor-section-content-middle elementor-section-boxed elementor-section-height-default elementor-section-height-default\" data-id=\"53f278f4\" data-element_type=\"section\" data-e-type=\"section\">\n\t\t\t\t\t\t<div class=\"elementor-container elementor-column-gap-no\">\n\t\t\t\t\t<div class=\"elementor-column elementor-col-25 elementor-inner-column elementor-element elementor-element-4f6fcba6\" data-id=\"4f6fcba6\" data-element_type=\"column\" data-e-type=\"column\" data-settings=\"{&quot;background_background&quot;:&quot;classic&quot;}\">\n\t\t\t<div class=\"elementor-widget-wrap elementor-element-populated\">\n\t\t\t\t\t\t<div class=\"elementor-element elementor-element-38f33c66 elementor-position-top elementor-widget elementor-widget-image-box\" data-id=\"38f33c66\" data-element_type=\"widget\" data-e-type=\"widget\" data-widget_type=\"image-box.default\">\n\t\t\t\t<div class=\"elementor-widget-container\">\n\t\t\t\t\t<div class=\"elementor-image-box-wrapper\"><figure class=\"elementor-image-box-img\"><a href=\"https:\/\/beximpaletten.cz\/de\/produkte\/boxy-na-vino\/box-na-vino-v-202h\/\" tabindex=\"-1\"><img fetchpriority=\"high\" decoding=\"async\" width=\"875\" height=\"700\" src=\"https:\/\/beximpaletten.cz\/wp-content\/uploads\/2022\/09\/v-202h.png\" class=\"elementor-animation-grow attachment-full size-full wp-image-623\" alt=\"\" srcset=\"https:\/\/beximpaletten.cz\/wp-content\/uploads\/2022\/09\/v-202h.png 875w, https:\/\/beximpaletten.cz\/wp-content\/uploads\/2022\/09\/v-202h-300x240.png 300w, https:\/\/beximpaletten.cz\/wp-content\/uploads\/2022\/09\/v-202h-600x480.png 600w, https:\/\/beximpaletten.cz\/wp-content\/uploads\/2022\/09\/v-202h-768x614.png 768w\" sizes=\"(max-width: 875px) 100vw, 875px\" \/><\/a><\/figure><div class=\"elementor-image-box-content\"><h3 class=\"elementor-image-box-title\"><a href=\"https:\/\/beximpaletten.cz\/de\/produkte\/boxy-na-vino\/box-na-vino-v-202h\/\">Box na v\u00edno <br>V-202(H)<\/a><\/h3><\/div><\/div>\t\t\t\t<\/div>\n\t\t\t\t<\/div>\n\t\t\t\t\t<\/div>\n\t\t<\/div>\n\t\t\t\t<div class=\"elementor-column elementor-col-25 elementor-inner-column elementor-element elementor-element-bad06cd\" data-id=\"bad06cd\" data-element_type=\"column\" data-e-type=\"column\" data-settings=\"{&quot;background_background&quot;:&quot;classic&quot;}\">\n\t\t\t<div class=\"elementor-widget-wrap elementor-element-populated\">\n\t\t\t\t\t\t<div class=\"elementor-element elementor-element-b8b72de elementor-position-top elementor-widget elementor-widget-image-box\" data-id=\"b8b72de\" data-element_type=\"widget\" data-e-type=\"widget\" data-widget_type=\"image-box.default\">\n\t\t\t\t<div class=\"elementor-widget-container\">\n\t\t\t\t\t<div class=\"elementor-image-box-wrapper\"><figure class=\"elementor-image-box-img\"><a href=\"https:\/\/beximpaletten.cz\/de\/produkte\/boxy-na-vino\/box-na-vino-v-413c\/\" tabindex=\"-1\"><img decoding=\"async\" width=\"700\" height=\"700\" src=\"https:\/\/beximpaletten.cz\/wp-content\/uploads\/2022\/09\/v-413c.png\" class=\"elementor-animation-grow attachment-full size-full wp-image-620\" alt=\"\" srcset=\"https:\/\/beximpaletten.cz\/wp-content\/uploads\/2022\/09\/v-413c.png 700w, https:\/\/beximpaletten.cz\/wp-content\/uploads\/2022\/09\/v-413c-300x300.png 300w, https:\/\/beximpaletten.cz\/wp-content\/uploads\/2022\/09\/v-413c-100x100.png 100w, https:\/\/beximpaletten.cz\/wp-content\/uploads\/2022\/09\/v-413c-600x600.png 600w, https:\/\/beximpaletten.cz\/wp-content\/uploads\/2022\/09\/v-413c-150x150.png 150w\" sizes=\"(max-width: 700px) 100vw, 700px\" \/><\/a><\/figure><div class=\"elementor-image-box-content\"><h3 class=\"elementor-image-box-title\"><a href=\"https:\/\/beximpaletten.cz\/de\/produkte\/boxy-na-vino\/box-na-vino-v-413c\/\">Box na v\u00edno <br>V-413(C)<\/a><\/h3><\/div><\/div>\t\t\t\t<\/div>\n\t\t\t\t<\/div>\n\t\t\t\t\t<\/div>\n\t\t<\/div>\n\t\t\t\t<div class=\"elementor-column elementor-col-25 elementor-inner-column elementor-element elementor-element-f5e9aeb\" data-id=\"f5e9aeb\" data-element_type=\"column\" data-e-type=\"column\" data-settings=\"{&quot;background_background&quot;:&quot;classic&quot;}\">\n\t\t\t<div class=\"elementor-widget-wrap elementor-element-populated\">\n\t\t\t\t\t\t<div class=\"elementor-element elementor-element-2666a2b elementor-position-top elementor-widget elementor-widget-image-box\" data-id=\"2666a2b\" data-element_type=\"widget\" data-e-type=\"widget\" data-widget_type=\"image-box.default\">\n\t\t\t\t<div class=\"elementor-widget-container\">\n\t\t\t\t\t<div class=\"elementor-image-box-wrapper\"><figure class=\"elementor-image-box-img\"><a href=\"https:\/\/beximpaletten.cz\/de\/produkte\/boxy-na-vino\/box-na-vino-v-419b\/\" tabindex=\"-1\"><img decoding=\"async\" width=\"755\" height=\"700\" src=\"https:\/\/beximpaletten.cz\/wp-content\/uploads\/2022\/09\/v-419b.png\" class=\"elementor-animation-grow attachment-full size-full wp-image-621\" alt=\"\" srcset=\"https:\/\/beximpaletten.cz\/wp-content\/uploads\/2022\/09\/v-419b.png 755w, https:\/\/beximpaletten.cz\/wp-content\/uploads\/2022\/09\/v-419b-300x278.png 300w, https:\/\/beximpaletten.cz\/wp-content\/uploads\/2022\/09\/v-419b-600x556.png 600w\" sizes=\"(max-width: 755px) 100vw, 755px\" \/><\/a><\/figure><div class=\"elementor-image-box-content\"><h3 class=\"elementor-image-box-title\"><a href=\"https:\/\/beximpaletten.cz\/de\/produkte\/boxy-na-vino\/box-na-vino-v-419b\/\">Box na v\u00edno <br>V-419(B)<\/a><\/h3><\/div><\/div>\t\t\t\t<\/div>\n\t\t\t\t<\/div>\n\t\t\t\t\t<\/div>\n\t\t<\/div>\n\t\t\t\t<div class=\"elementor-column elementor-col-25 elementor-inner-column elementor-element elementor-element-4997af6\" data-id=\"4997af6\" data-element_type=\"column\" data-e-type=\"column\" data-settings=\"{&quot;background_background&quot;:&quot;classic&quot;}\">\n\t\t\t<div class=\"elementor-widget-wrap elementor-element-populated\">\n\t\t\t\t\t\t<div class=\"elementor-element elementor-element-26f34e5 elementor-position-top elementor-widget elementor-widget-image-box\" data-id=\"26f34e5\" data-element_type=\"widget\" data-e-type=\"widget\" data-widget_type=\"image-box.default\">\n\t\t\t\t<div class=\"elementor-widget-container\">\n\t\t\t\t\t<div class=\"elementor-image-box-wrapper\"><figure class=\"elementor-image-box-img\"><a href=\"https:\/\/beximpaletten.cz\/de\/produkte\/boxy-na-vino\/box-na-vino-v-371\/\" tabindex=\"-1\"><img loading=\"lazy\" decoding=\"async\" width=\"729\" height=\"700\" src=\"https:\/\/beximpaletten.cz\/wp-content\/uploads\/2022\/09\/v-371.png\" class=\"elementor-animation-grow attachment-full size-full wp-image-625\" alt=\"\" srcset=\"https:\/\/beximpaletten.cz\/wp-content\/uploads\/2022\/09\/v-371.png 729w, https:\/\/beximpaletten.cz\/wp-content\/uploads\/2022\/09\/v-371-300x288.png 300w, https:\/\/beximpaletten.cz\/wp-content\/uploads\/2022\/09\/v-371-600x576.png 600w\" sizes=\"(max-width: 729px) 100vw, 729px\" \/><\/a><\/figure><div class=\"elementor-image-box-content\"><h3 class=\"elementor-image-box-title\"><a href=\"https:\/\/beximpaletten.cz\/de\/produkte\/boxy-na-vino\/box-na-vino-v-371\/\"> Box na v\u00edno <br>V-371<\/a><\/h3><\/div><\/div>\t\t\t\t<\/div>\n\t\t\t\t<\/div>\n\t\t\t\t\t<\/div>\n\t\t<\/div>\n\t\t\t\t\t<\/div>\n\t\t<\/section>\n\t\t\t\t<section class=\"elementor-section elementor-inner-section elementor-element elementor-element-89f1322 elementor-section-content-middle elementor-section-boxed elementor-section-height-default elementor-section-height-default\" data-id=\"89f1322\" data-element_type=\"section\" data-e-type=\"section\">\n\t\t\t\t\t\t<div class=\"elementor-container elementor-column-gap-no\">\n\t\t\t\t\t<div class=\"elementor-column elementor-col-25 elementor-inner-column elementor-element elementor-element-5c6cf87\" data-id=\"5c6cf87\" data-element_type=\"column\" data-e-type=\"column\" data-settings=\"{&quot;background_background&quot;:&quot;classic&quot;}\">\n\t\t\t<div class=\"elementor-widget-wrap elementor-element-populated\">\n\t\t\t\t\t\t<div class=\"elementor-element elementor-element-092601b elementor-position-top elementor-widget elementor-widget-image-box\" data-id=\"092601b\" data-element_type=\"widget\" data-e-type=\"widget\" data-widget_type=\"image-box.default\">\n\t\t\t\t<div class=\"elementor-widget-container\">\n\t\t\t\t\t<div class=\"elementor-image-box-wrapper\"><figure class=\"elementor-image-box-img\"><a href=\"https:\/\/beximpaletten.cz\/de\/produkte\/boxy-na-vino\/box-na-vino-v-400\/\" tabindex=\"-1\"><img loading=\"lazy\" decoding=\"async\" width=\"757\" height=\"700\" src=\"https:\/\/beximpaletten.cz\/wp-content\/uploads\/2022\/09\/v-400.png\" class=\"elementor-animation-grow attachment-full size-full wp-image-619\" alt=\"\" srcset=\"https:\/\/beximpaletten.cz\/wp-content\/uploads\/2022\/09\/v-400.png 757w, https:\/\/beximpaletten.cz\/wp-content\/uploads\/2022\/09\/v-400-300x277.png 300w, https:\/\/beximpaletten.cz\/wp-content\/uploads\/2022\/09\/v-400-600x555.png 600w\" sizes=\"(max-width: 757px) 100vw, 757px\" \/><\/a><\/figure><div class=\"elementor-image-box-content\"><h3 class=\"elementor-image-box-title\"><a href=\"https:\/\/beximpaletten.cz\/de\/produkte\/boxy-na-vino\/box-na-vino-v-400\/\">Box na v\u00edno <br>V-400<\/a><\/h3><\/div><\/div>\t\t\t\t<\/div>\n\t\t\t\t<\/div>\n\t\t\t\t\t<\/div>\n\t\t<\/div>\n\t\t\t\t<div class=\"elementor-column elementor-col-25 elementor-inner-column elementor-element elementor-element-5d384e1\" data-id=\"5d384e1\" data-element_type=\"column\" data-e-type=\"column\" data-settings=\"{&quot;background_background&quot;:&quot;classic&quot;}\">\n\t\t\t<div class=\"elementor-widget-wrap elementor-element-populated\">\n\t\t\t\t\t\t<div class=\"elementor-element elementor-element-72893c4 elementor-position-top elementor-widget elementor-widget-image-box\" data-id=\"72893c4\" data-element_type=\"widget\" data-e-type=\"widget\" data-widget_type=\"image-box.default\">\n\t\t\t\t<div class=\"elementor-widget-container\">\n\t\t\t\t\t<div class=\"elementor-image-box-wrapper\"><figure class=\"elementor-image-box-img\"><a href=\"https:\/\/beximpaletten.cz\/de\/produkte\/boxy-na-vino\/box-na-vino-v-538\/\" tabindex=\"-1\"><img loading=\"lazy\" decoding=\"async\" width=\"875\" height=\"700\" src=\"https:\/\/beximpaletten.cz\/wp-content\/uploads\/2022\/09\/v-538.png\" class=\"elementor-animation-grow attachment-full size-full wp-image-622\" alt=\"\" srcset=\"https:\/\/beximpaletten.cz\/wp-content\/uploads\/2022\/09\/v-538.png 875w, https:\/\/beximpaletten.cz\/wp-content\/uploads\/2022\/09\/v-538-300x240.png 300w, https:\/\/beximpaletten.cz\/wp-content\/uploads\/2022\/09\/v-538-600x480.png 600w, https:\/\/beximpaletten.cz\/wp-content\/uploads\/2022\/09\/v-538-768x614.png 768w\" sizes=\"(max-width: 875px) 100vw, 875px\" \/><\/a><\/figure><div class=\"elementor-image-box-content\"><h3 class=\"elementor-image-box-title\"><a href=\"https:\/\/beximpaletten.cz\/de\/produkte\/boxy-na-vino\/box-na-vino-v-538\/\">Box na v\u00edno <br>V-538<\/a><\/h3><\/div><\/div>\t\t\t\t<\/div>\n\t\t\t\t<\/div>\n\t\t\t\t\t<\/div>\n\t\t<\/div>\n\t\t\t\t<div class=\"elementor-column elementor-col-25 elementor-inner-column elementor-element elementor-element-5d5fe0e\" data-id=\"5d5fe0e\" data-element_type=\"column\" data-e-type=\"column\" data-settings=\"{&quot;background_background&quot;:&quot;classic&quot;}\">\n\t\t\t<div class=\"elementor-widget-wrap elementor-element-populated\">\n\t\t\t\t\t\t<div class=\"elementor-element elementor-element-53b5bef elementor-position-top elementor-widget elementor-widget-image-box\" data-id=\"53b5bef\" data-element_type=\"widget\" data-e-type=\"widget\" data-widget_type=\"image-box.default\">\n\t\t\t\t<div class=\"elementor-widget-container\">\n\t\t\t\t\t<div class=\"elementor-image-box-wrapper\"><figure class=\"elementor-image-box-img\"><a href=\"https:\/\/beximpaletten.cz\/de\/produkte\/boxy-na-vino\/box-na-vino-v-263b\/\" tabindex=\"-1\"><img loading=\"lazy\" decoding=\"async\" width=\"771\" height=\"700\" src=\"https:\/\/beximpaletten.cz\/wp-content\/uploads\/2022\/09\/v-263b.png\" class=\"elementor-animation-grow attachment-full size-full wp-image-624\" alt=\"\" srcset=\"https:\/\/beximpaletten.cz\/wp-content\/uploads\/2022\/09\/v-263b.png 771w, https:\/\/beximpaletten.cz\/wp-content\/uploads\/2022\/09\/v-263b-300x272.png 300w, https:\/\/beximpaletten.cz\/wp-content\/uploads\/2022\/09\/v-263b-600x545.png 600w, https:\/\/beximpaletten.cz\/wp-content\/uploads\/2022\/09\/v-263b-768x697.png 768w\" sizes=\"(max-width: 771px) 100vw, 771px\" \/><\/a><\/figure><div class=\"elementor-image-box-content\"><h3 class=\"elementor-image-box-title\"><a href=\"https:\/\/beximpaletten.cz\/de\/produkte\/boxy-na-vino\/box-na-vino-v-263b\/\">Box na v\u00edno <br>V-263(B)<\/a><\/h3><\/div><\/div>\t\t\t\t<\/div>\n\t\t\t\t<\/div>\n\t\t\t\t\t<\/div>\n\t\t<\/div>\n\t\t\t\t<div class=\"elementor-column elementor-col-25 elementor-inner-column elementor-element elementor-element-ac4d814\" data-id=\"ac4d814\" data-element_type=\"column\" data-e-type=\"column\" data-settings=\"{&quot;background_background&quot;:&quot;classic&quot;}\">\n\t\t\t<div class=\"elementor-widget-wrap elementor-element-populated\">\n\t\t\t\t\t\t<div class=\"elementor-element elementor-element-4379077 elementor-position-top elementor-widget elementor-widget-image-box\" data-id=\"4379077\" data-element_type=\"widget\" data-e-type=\"widget\" data-widget_type=\"image-box.default\">\n\t\t\t\t<div class=\"elementor-widget-container\">\n\t\t\t\t\t<div class=\"elementor-image-box-wrapper\"><figure class=\"elementor-image-box-img\"><a href=\"https:\/\/beximpaletten.cz\/de\/produkte\/boxy-na-vino\/box-na-vino-v-276\/\" tabindex=\"-1\"><img loading=\"lazy\" decoding=\"async\" width=\"659\" height=\"600\" src=\"https:\/\/beximpaletten.cz\/wp-content\/uploads\/2022\/11\/v-2768.png\" class=\"elementor-animation-grow attachment-full size-full wp-image-1068\" alt=\"\" srcset=\"https:\/\/beximpaletten.cz\/wp-content\/uploads\/2022\/11\/v-2768.png 659w, https:\/\/beximpaletten.cz\/wp-content\/uploads\/2022\/11\/v-2768-300x273.png 300w, https:\/\/beximpaletten.cz\/wp-content\/uploads\/2022\/11\/v-2768-600x546.png 600w\" sizes=\"(max-width: 659px) 100vw, 659px\" \/><\/a><\/figure><div class=\"elementor-image-box-content\"><h3 class=\"elementor-image-box-title\"><a href=\"https:\/\/beximpaletten.cz\/de\/produkte\/boxy-na-vino\/box-na-vino-v-276\/\">Box na v\u00edno <br>V-276<\/a><\/h3><p class=\"elementor-image-box-description\">(1165x860x1000 mm)<\/p><\/div><\/div>\t\t\t\t<\/div>\n\t\t\t\t<\/div>\n\t\t\t\t\t<\/div>\n\t\t<\/div>\n\t\t\t\t\t<\/div>\n\t\t<\/section>\n\t\t\t\t\t<\/div>\n\t\t<\/div>\n\t\t\t\t\t<\/div>\n\t\t<\/section>\n\t\t\t\t<section class=\"elementor-section elementor-top-section elementor-element elementor-element-3467c224 elementor-section-content-middle elementor-section-boxed elementor-section-height-default elementor-section-height-default\" data-id=\"3467c224\" data-element_type=\"section\" data-e-type=\"section\" id=\"form\" data-settings=\"{&quot;background_background&quot;:&quot;classic&quot;}\">\n\t\t\t\t\t\t\t<div class=\"elementor-background-overlay\"><\/div>\n\t\t\t\t\t\t\t<div class=\"elementor-container elementor-column-gap-no\">\n\t\t\t\t\t<div class=\"elementor-column elementor-col-100 elementor-top-column elementor-element elementor-element-71403d45\" data-id=\"71403d45\" data-element_type=\"column\" data-e-type=\"column\">\n\t\t\t<div class=\"elementor-widget-wrap elementor-element-populated\">\n\t\t\t\t\t\t<div class=\"elementor-element elementor-element-641b0e9f elementor-widget elementor-widget-heading\" data-id=\"641b0e9f\" data-element_type=\"widget\" data-e-type=\"widget\" data-widget_type=\"heading.default\">\n\t\t\t\t<div class=\"elementor-widget-container\">\n\t\t\t\t\t<h4 class=\"elementor-heading-title elementor-size-default\">Zaujala v\u00e1s na\u0161e nab\u00eddka?<\/h4>\t\t\t\t<\/div>\n\t\t\t\t<\/div>\n\t\t\t\t<div class=\"elementor-element elementor-element-6855b28 elementor-widget elementor-widget-text-editor\" data-id=\"6855b28\" data-element_type=\"widget\" data-e-type=\"widget\" data-widget_type=\"text-editor.default\">\n\t\t\t\t<div class=\"elementor-widget-container\">\n\t\t\t\t\t\t\t\t\t<p><br \/>Pokud v\u00e1s na\u0161e nab\u00eddka zaujala, pop\u0159. m\u00e1te jak\u00fdkoliv jin\u00fd dotaz, nev\u00e1hejte n\u00e1s kontaktovat.<\/p>\t\t\t\t\t\t\t\t<\/div>\n\t\t\t\t<\/div>\n\t\t\t\t<div class=\"elementor-element elementor-element-556a466 elementor-button-align-stretch elementor-widget elementor-widget-global elementor-global-530 elementor-widget-form\" data-id=\"556a466\" data-element_type=\"widget\" data-e-type=\"widget\" data-settings=\"{&quot;step_next_label&quot;:&quot;Next&quot;,&quot;step_previous_label&quot;:&quot;Previous&quot;,&quot;button_width&quot;:&quot;100&quot;,&quot;step_type&quot;:&quot;number_text&quot;,&quot;step_icon_shape&quot;:&quot;circle&quot;}\" data-widget_type=\"form.default\">\n\t\t\t\t<div class=\"elementor-widget-container\">\n\t\t\t\t\t\t\t<form class=\"elementor-form\" method=\"post\" name=\"Formular -  produkty\" aria-label=\"Formular -  produkty\">\n\t\t\t<input type=\"hidden\" name=\"post_id\" value=\"2607\"\/>\n\t\t\t<input type=\"hidden\" name=\"form_id\" value=\"556a466\"\/>\n\t\t\t<input type=\"hidden\" name=\"referer_title\" value=\"\" \/>\n\n\t\t\t\n\t\t\t<div class=\"elementor-form-fields-wrapper elementor-labels-above\">\n\t\t\t\t\t\t\t\t<div class=\"elementor-field-type-text elementor-field-group elementor-column elementor-field-group-field_9659510 elementor-col-50\">\n\t\t\t\t\t\t\t\t\t\t\t\t<label for=\"form-field-field_9659510\" class=\"elementor-field-label\">\n\t\t\t\t\t\t\t\tJm\u00e9no\t\t\t\t\t\t\t<\/label>\n\t\t\t\t\t\t\t\t\t\t\t\t\t\t<input size=\"1\" type=\"text\" name=\"form_fields[field_9659510]\" id=\"form-field-field_9659510\" class=\"elementor-field elementor-size-sm  elementor-field-textual\">\n\t\t\t\t\t\t\t\t\t\t\t<\/div>\n\t\t\t\t\t\t\t\t<div class=\"elementor-field-type-text elementor-field-group elementor-column elementor-field-group-name elementor-col-50\">\n\t\t\t\t\t\t\t\t\t\t\t\t<label for=\"form-field-name\" class=\"elementor-field-label\">\n\t\t\t\t\t\t\t\tN\u00e1zev spole\u010dnosti\t\t\t\t\t\t\t<\/label>\n\t\t\t\t\t\t\t\t\t\t\t\t\t\t<input size=\"1\" type=\"text\" name=\"form_fields[name]\" id=\"form-field-name\" class=\"elementor-field elementor-size-sm  elementor-field-textual\">\n\t\t\t\t\t\t\t\t\t\t\t<\/div>\n\t\t\t\t\t\t\t\t<div class=\"elementor-field-type-email elementor-field-group elementor-column elementor-field-group-email elementor-col-50 elementor-field-required\">\n\t\t\t\t\t\t\t\t\t\t\t\t<label for=\"form-field-email\" class=\"elementor-field-label\">\n\t\t\t\t\t\t\t\tE-mail\t\t\t\t\t\t\t<\/label>\n\t\t\t\t\t\t\t\t\t\t\t\t\t\t<input size=\"1\" type=\"email\" name=\"form_fields[email]\" id=\"form-field-email\" class=\"elementor-field elementor-size-sm  elementor-field-textual\" required=\"required\">\n\t\t\t\t\t\t\t\t\t\t\t<\/div>\n\t\t\t\t\t\t\t\t<div class=\"elementor-field-type-tel elementor-field-group elementor-column elementor-field-group-field_ce3825c elementor-col-50\">\n\t\t\t\t\t\t\t\t\t\t\t\t<label for=\"form-field-field_ce3825c\" class=\"elementor-field-label\">\n\t\t\t\t\t\t\t\tTelefon\t\t\t\t\t\t\t<\/label>\n\t\t\t\t\t\t\t\t<input size=\"1\" type=\"tel\" name=\"form_fields[field_ce3825c]\" id=\"form-field-field_ce3825c\" class=\"elementor-field elementor-size-sm  elementor-field-textual\" pattern=\"[0-9()#&amp;+*-=.]+\" title=\"Nur Nummern oder Telefon-Zeichen (#, -, *, etc) werden akzeptiert.\">\n\n\t\t\t\t\t\t<\/div>\n\t\t\t\t\t\t\t\t<div class=\"elementor-field-type-textarea elementor-field-group elementor-column elementor-field-group-message elementor-col-100\">\n\t\t\t\t\t\t\t\t\t\t\t\t<label for=\"form-field-message\" class=\"elementor-field-label\">\n\t\t\t\t\t\t\t\tZpr\u00e1va\t\t\t\t\t\t\t<\/label>\n\t\t\t\t\t\t<textarea class=\"elementor-field-textual elementor-field  elementor-size-sm\" name=\"form_fields[message]\" id=\"form-field-message\" rows=\"4\"><\/textarea>\t\t\t\t<\/div>\n\t\t\t\t\t\t\t\t<div class=\"elementor-field-type-recaptcha_v3 elementor-field-group elementor-column elementor-field-group-field_a705dbc elementor-col-100 recaptcha_v3-bottomright\">\n\t\t\t\t\t<div class=\"elementor-field\" id=\"form-field-field_a705dbc\"><div class=\"elementor-g-recaptcha\" data-sitekey=\"6LePvCQqAAAAAGBZ4BsoTyndbrkSb-bnGm8GUwpz\" data-type=\"v3\" data-action=\"Form\" data-badge=\"bottomright\" data-size=\"invisible\"><\/div><\/div>\t\t\t\t<\/div>\n\t\t\t\t\t\t\t\t<div class=\"elementor-field-group elementor-column elementor-field-type-submit elementor-col-100 e-form__buttons\">\n\t\t\t\t\t<button class=\"elementor-button elementor-size-sm\" type=\"submit\">\n\t\t\t\t\t\t<span class=\"elementor-button-content-wrapper\">\n\t\t\t\t\t\t\t\t\t\t\t\t\t\t\t\t\t\t\t\t\t\t<span class=\"elementor-button-text\">Odeslat<\/span>\n\t\t\t\t\t\t\t\t\t\t\t\t\t<\/span>\n\t\t\t\t\t<\/button>\n\t\t\t\t<\/div>\n\t\t\t<\/div>\n\t\t<\/form>\n\t\t\t\t\t\t<\/div>\n\t\t\t\t<\/div>\n\t\t\t\t\t<\/div>\n\t\t<\/div>\n\t\t\t\t\t<\/div>\n\t\t<\/section>\n\t\t\t\t<\/div>\n\t\t","protected":false},"excerpt":{"rendered":"<p>Boxy na v\u00edno Dr\u00e1t\u011bn\u00fd kontejner s v\u00fdztuhou slou\u017e\u00ed pro efektivn\u00ed skladov\u00e1n\u00ed a logistiku lahv\u00ed.\u00a0 Hlavn\u00ed p\u0159ednosti: n\u00edzk\u00e1 v\u00e1ha vysok\u00e1 nosnost a\u017e cca 850 kg vnit\u0159n\u00ed rozm\u011bry (od 822 x 590 x 757 mm) mo\u017en\u00e1 stohovatelnost pln\u00fdch kontejner\u016f (a\u017e 3ks) do kontejner\u016f se vejde cca 500-600 ks lahv\u00ed dle typu Box na v\u00edno V-202(H) Box na [&hellip;]<\/p>\n","protected":false},"author":1,"featured_media":0,"parent":2499,"menu_order":0,"comment_status":"closed","ping_status":"closed","template":"","meta":{"_acf_changed":false,"footnotes":""},"class_list":["post-2607","page","type-page","status-publish","hentry"],"acf":[],"_links":{"self":[{"href":"https:\/\/beximpaletten.cz\/de\/wp-json\/wp\/v2\/pages\/2607","targetHints":{"allow":["GET"]}}],"collection":[{"href":"https:\/\/beximpaletten.cz\/de\/wp-json\/wp\/v2\/pages"}],"about":[{"href":"https:\/\/beximpaletten.cz\/de\/wp-json\/wp\/v2\/types\/page"}],"author":[{"embeddable":true,"href":"https:\/\/beximpaletten.cz\/de\/wp-json\/wp\/v2\/users\/1"}],"replies":[{"embeddable":true,"href":"https:\/\/beximpaletten.cz\/de\/wp-json\/wp\/v2\/comments?post=2607"}],"version-history":[{"count":1,"href":"https:\/\/beximpaletten.cz\/de\/wp-json\/wp\/v2\/pages\/2607\/revisions"}],"predecessor-version":[{"id":2612,"href":"https:\/\/beximpaletten.cz\/de\/wp-json\/wp\/v2\/pages\/2607\/revisions\/2612"}],"up":[{"embeddable":true,"href":"https:\/\/beximpaletten.cz\/de\/wp-json\/wp\/v2\/pages\/2499"}],"wp:attachment":[{"href":"https:\/\/beximpaletten.cz\/de\/wp-json\/wp\/v2\/media?parent=2607"}],"curies":[{"name":"wp","href":"https:\/\/api.w.org\/{rel}","templated":true}]}}