{"id":2503,"date":"2022-09-21T12:52:15","date_gmt":"2022-09-21T10:52:15","guid":{"rendered":"https:\/\/beximpaletten.cz\/produkty\/logistika-v-agrikulture\/"},"modified":"2025-03-21T15:14:53","modified_gmt":"2025-03-21T14:14:53","slug":"logistika-v-agrikulture","status":"publish","type":"page","link":"https:\/\/beximpaletten.cz\/de\/produkte\/logistika-v-agrikulture\/","title":{"rendered":"Logistika v agrikultu\u0159e"},"content":{"rendered":"\t\t<div data-elementor-type=\"wp-page\" data-elementor-id=\"2503\" class=\"elementor elementor-2503 elementor-508\" data-elementor-post-type=\"page\">\n\t\t\t\t\t\t<section class=\"elementor-section elementor-top-section elementor-element elementor-element-1b159991 elementor-section-height-min-height elementor-section-content-middle elementor-section-boxed elementor-section-height-default elementor-section-items-middle\" data-id=\"1b159991\" data-element_type=\"section\" data-e-type=\"section\" data-settings=\"{&quot;background_background&quot;:&quot;classic&quot;}\">\n\t\t\t\t\t\t\t<div class=\"elementor-background-overlay\"><\/div>\n\t\t\t\t\t\t\t<div class=\"elementor-container elementor-column-gap-no\">\n\t\t\t\t\t<div class=\"elementor-column elementor-col-100 elementor-top-column elementor-element elementor-element-7d409e2\" data-id=\"7d409e2\" data-element_type=\"column\" data-e-type=\"column\">\n\t\t\t<div class=\"elementor-widget-wrap elementor-element-populated\">\n\t\t\t\t\t\t<div class=\"elementor-element elementor-element-64daa854 elementor-widget elementor-widget-heading\" data-id=\"64daa854\" data-element_type=\"widget\" data-e-type=\"widget\" data-widget_type=\"heading.default\">\n\t\t\t\t<div class=\"elementor-widget-container\">\n\t\t\t\t\t<h2 class=\"elementor-heading-title elementor-size-default\">Logistika v agrikultu\u0159e<\/h2>\t\t\t\t<\/div>\n\t\t\t\t<\/div>\n\t\t\t\t\t<\/div>\n\t\t<\/div>\n\t\t\t\t\t<\/div>\n\t\t<\/section>\n\t\t\t\t<section class=\"elementor-section elementor-top-section elementor-element elementor-element-715e968d elementor-section-content-middle elementor-reverse-mobile elementor-section-boxed elementor-section-height-default elementor-section-height-default\" data-id=\"715e968d\" data-element_type=\"section\" data-e-type=\"section\" id=\"onas\">\n\t\t\t\t\t\t<div class=\"elementor-container elementor-column-gap-no\">\n\t\t\t\t\t<div class=\"elementor-column elementor-col-50 elementor-top-column elementor-element elementor-element-41c917ab\" data-id=\"41c917ab\" data-element_type=\"column\" data-e-type=\"column\">\n\t\t\t<div class=\"elementor-widget-wrap elementor-element-populated\">\n\t\t\t\t\t\t<div class=\"elementor-element elementor-element-3681c098 elementor-widget elementor-widget-text-editor\" data-id=\"3681c098\" data-element_type=\"widget\" data-e-type=\"widget\" data-widget_type=\"text-editor.default\">\n\t\t\t\t<div class=\"elementor-widget-container\">\n\t\t\t\t\t\t\t\t\t<p><strong>Kovov\u00e9 p\u0159epravn\u00edky slou\u017e\u00edc\u00ed pro p\u011bstov\u00e1n\u00ed sazenic ve sklen\u00edc\u00edch, d\u00e1le skladov\u00e1n\u00ed a jejich n\u00e1slednou p\u0159epravu. Kovov\u00e9 boxy lze vyu\u017e\u00edt k uskladn\u011bn\u00ed a p\u0159eprav\u011b zeleniny (zel\u00ed, kv\u011bt\u00e1k atd.) Palety na sazenice.\u00a0<\/strong><\/p>\n<h2>Hlavn\u00ed p\u0159ednosti:<\/h2>\n<ul>\n<li>povrchov\u00e1 \u00faprava \u017e\u00e1rov\u00fd nebo galvanick\u00fd zinek<\/li>\n<li>vysok\u00e1 nosnost a\u017e 1000 kg<\/li>\n<li>mo\u017enost stohov\u00e1n\u00ed<\/li>\n<li>flexibilita rozm\u011br\u016f<\/li>\n<\/ul>\n\t\t\t\t\t\t\t\t<\/div>\n\t\t\t\t<\/div>\n\t\t\t\t\t<\/div>\n\t\t<\/div>\n\t\t\t\t<div class=\"elementor-column elementor-col-50 elementor-top-column elementor-element elementor-element-5fcf5c8f\" data-id=\"5fcf5c8f\" data-element_type=\"column\" data-e-type=\"column\">\n\t\t\t<div class=\"elementor-widget-wrap elementor-element-populated\">\n\t\t\t\t\t\t\t<\/div>\n\t\t<\/div>\n\t\t\t\t\t<\/div>\n\t\t<\/section>\n\t\t\t\t<section class=\"elementor-section elementor-top-section elementor-element elementor-element-5a008205 elementor-section-content-middle elementor-section-boxed elementor-section-height-default elementor-section-height-default\" data-id=\"5a008205\" data-element_type=\"section\" data-e-type=\"section\" id=\"produkty\" data-settings=\"{&quot;background_background&quot;:&quot;classic&quot;}\">\n\t\t\t\t\t\t<div class=\"elementor-container elementor-column-gap-no\">\n\t\t\t\t\t<div class=\"elementor-column elementor-col-100 elementor-top-column elementor-element elementor-element-5f518556\" data-id=\"5f518556\" data-element_type=\"column\" data-e-type=\"column\">\n\t\t\t<div class=\"elementor-widget-wrap elementor-element-populated\">\n\t\t\t\t\t\t<section class=\"elementor-section elementor-inner-section elementor-element elementor-element-53f278f4 elementor-section-content-middle elementor-section-boxed elementor-section-height-default elementor-section-height-default\" data-id=\"53f278f4\" data-element_type=\"section\" data-e-type=\"section\">\n\t\t\t\t\t\t<div class=\"elementor-container elementor-column-gap-no\">\n\t\t\t\t\t<div class=\"elementor-column elementor-col-25 elementor-inner-column elementor-element elementor-element-4f6fcba6\" data-id=\"4f6fcba6\" data-element_type=\"column\" data-e-type=\"column\" data-settings=\"{&quot;background_background&quot;:&quot;classic&quot;}\">\n\t\t\t<div class=\"elementor-widget-wrap elementor-element-populated\">\n\t\t\t\t\t\t<div class=\"elementor-element elementor-element-38f33c66 elementor-position-top elementor-widget elementor-widget-image-box\" data-id=\"38f33c66\" data-element_type=\"widget\" data-e-type=\"widget\" data-widget_type=\"image-box.default\">\n\t\t\t\t<div class=\"elementor-widget-container\">\n\t\t\t\t\t<div class=\"elementor-image-box-wrapper\"><figure class=\"elementor-image-box-img\"><a href=\"https:\/\/beximpaletten.cz\/de\/produkte\/logistika-v-agrikulture\/paleta-pro-sazenice-v-007\/\" tabindex=\"-1\"><img fetchpriority=\"high\" decoding=\"async\" width=\"800\" height=\"400\" src=\"https:\/\/beximpaletten.cz\/wp-content\/uploads\/2022\/09\/v-007-1024x512.png\" class=\"elementor-animation-grow attachment-large size-large wp-image-628\" alt=\"\" srcset=\"https:\/\/beximpaletten.cz\/wp-content\/uploads\/2022\/09\/v-007-1024x512.png 1024w, https:\/\/beximpaletten.cz\/wp-content\/uploads\/2022\/09\/v-007-300x150.png 300w, https:\/\/beximpaletten.cz\/wp-content\/uploads\/2022\/09\/v-007-600x300.png 600w, https:\/\/beximpaletten.cz\/wp-content\/uploads\/2022\/09\/v-007-768x384.png 768w, https:\/\/beximpaletten.cz\/wp-content\/uploads\/2022\/09\/v-007.png 1400w\" sizes=\"(max-width: 800px) 100vw, 800px\" \/><\/a><\/figure><div class=\"elementor-image-box-content\"><h3 class=\"elementor-image-box-title\"><a href=\"https:\/\/beximpaletten.cz\/de\/produkte\/logistika-v-agrikulture\/paleta-pro-sazenice-v-007\/\">Paleta <br>pro sazenice V-007<\/a><\/h3><\/div><\/div>\t\t\t\t<\/div>\n\t\t\t\t<\/div>\n\t\t\t\t\t<\/div>\n\t\t<\/div>\n\t\t\t\t<div class=\"elementor-column elementor-col-25 elementor-inner-column elementor-element elementor-element-bad06cd\" data-id=\"bad06cd\" data-element_type=\"column\" data-e-type=\"column\" data-settings=\"{&quot;background_background&quot;:&quot;classic&quot;}\">\n\t\t\t<div class=\"elementor-widget-wrap elementor-element-populated\">\n\t\t\t\t\t\t<div class=\"elementor-element elementor-element-b8b72de elementor-position-top elementor-widget elementor-widget-image-box\" data-id=\"b8b72de\" data-element_type=\"widget\" data-e-type=\"widget\" data-widget_type=\"image-box.default\">\n\t\t\t\t<div class=\"elementor-widget-container\">\n\t\t\t\t\t<div class=\"elementor-image-box-wrapper\"><figure class=\"elementor-image-box-img\"><a href=\"https:\/\/beximpaletten.cz\/de\/produkte\/logistika-v-agrikulture\/paleta-pro-sazenice-v-035\/\" tabindex=\"-1\"><img decoding=\"async\" width=\"800\" height=\"400\" src=\"https:\/\/beximpaletten.cz\/wp-content\/uploads\/2022\/09\/v-035-1024x512.png\" class=\"elementor-animation-grow attachment-large size-large wp-image-629\" alt=\"\" srcset=\"https:\/\/beximpaletten.cz\/wp-content\/uploads\/2022\/09\/v-035-1024x512.png 1024w, https:\/\/beximpaletten.cz\/wp-content\/uploads\/2022\/09\/v-035-300x150.png 300w, https:\/\/beximpaletten.cz\/wp-content\/uploads\/2022\/09\/v-035-600x300.png 600w, https:\/\/beximpaletten.cz\/wp-content\/uploads\/2022\/09\/v-035-768x384.png 768w, https:\/\/beximpaletten.cz\/wp-content\/uploads\/2022\/09\/v-035.png 1400w\" sizes=\"(max-width: 800px) 100vw, 800px\" \/><\/a><\/figure><div class=\"elementor-image-box-content\"><h3 class=\"elementor-image-box-title\"><a href=\"https:\/\/beximpaletten.cz\/de\/produkte\/logistika-v-agrikulture\/paleta-pro-sazenice-v-035\/\">Paleta <br>pro sazenice V-035<\/a><\/h3><\/div><\/div>\t\t\t\t<\/div>\n\t\t\t\t<\/div>\n\t\t\t\t\t<\/div>\n\t\t<\/div>\n\t\t\t\t<div class=\"elementor-column elementor-col-25 elementor-inner-column elementor-element elementor-element-f5e9aeb\" data-id=\"f5e9aeb\" data-element_type=\"column\" data-e-type=\"column\" data-settings=\"{&quot;background_background&quot;:&quot;classic&quot;}\">\n\t\t\t<div class=\"elementor-widget-wrap elementor-element-populated\">\n\t\t\t\t\t\t<div class=\"elementor-element elementor-element-2666a2b elementor-position-top elementor-widget elementor-widget-image-box\" data-id=\"2666a2b\" data-element_type=\"widget\" data-e-type=\"widget\" data-widget_type=\"image-box.default\">\n\t\t\t\t<div class=\"elementor-widget-container\">\n\t\t\t\t\t<div class=\"elementor-image-box-wrapper\"><figure class=\"elementor-image-box-img\"><a href=\"https:\/\/beximpaletten.cz\/de\/produkte\/logistika-v-agrikulture\/box-na-zeli-v-232\/\" tabindex=\"-1\"><img decoding=\"async\" width=\"1167\" height=\"700\" src=\"https:\/\/beximpaletten.cz\/wp-content\/uploads\/2022\/09\/v-232.png\" class=\"elementor-animation-grow attachment-full size-full wp-image-627\" alt=\"\" srcset=\"https:\/\/beximpaletten.cz\/wp-content\/uploads\/2022\/09\/v-232.png 1167w, https:\/\/beximpaletten.cz\/wp-content\/uploads\/2022\/09\/v-232-300x180.png 300w, https:\/\/beximpaletten.cz\/wp-content\/uploads\/2022\/09\/v-232-600x360.png 600w, https:\/\/beximpaletten.cz\/wp-content\/uploads\/2022\/09\/v-232-1024x614.png 1024w, https:\/\/beximpaletten.cz\/wp-content\/uploads\/2022\/09\/v-232-768x461.png 768w\" sizes=\"(max-width: 1167px) 100vw, 1167px\" \/><\/a><\/figure><div class=\"elementor-image-box-content\"><h3 class=\"elementor-image-box-title\"><a href=\"https:\/\/beximpaletten.cz\/de\/produkte\/logistika-v-agrikulture\/box-na-zeli-v-232\/\">Box <br>na zel\u00ed V-232<\/a><\/h3><\/div><\/div>\t\t\t\t<\/div>\n\t\t\t\t<\/div>\n\t\t\t\t\t<\/div>\n\t\t<\/div>\n\t\t\t\t<div class=\"elementor-column elementor-col-25 elementor-inner-column elementor-element elementor-element-4997af6\" data-id=\"4997af6\" data-element_type=\"column\" data-e-type=\"column\" data-settings=\"{&quot;background_background&quot;:&quot;classic&quot;}\">\n\t\t\t<div class=\"elementor-widget-wrap elementor-element-populated\">\n\t\t\t\t\t\t<div class=\"elementor-element elementor-element-26f34e5 elementor-position-top elementor-widget elementor-widget-image-box\" data-id=\"26f34e5\" data-element_type=\"widget\" data-e-type=\"widget\" data-widget_type=\"image-box.default\">\n\t\t\t\t<div class=\"elementor-widget-container\">\n\t\t\t\t\t<div class=\"elementor-image-box-wrapper\"><figure class=\"elementor-image-box-img\"><a href=\"https:\/\/beximpaletten.cz\/de\/produkte\/logistika-v-agrikulture\/box-na-zeli-v-067b\/\" tabindex=\"-1\"><img loading=\"lazy\" decoding=\"async\" width=\"875\" height=\"700\" src=\"https:\/\/beximpaletten.cz\/wp-content\/uploads\/2022\/09\/v-067b.png\" class=\"elementor-animation-grow attachment-full size-full wp-image-626\" alt=\"\" srcset=\"https:\/\/beximpaletten.cz\/wp-content\/uploads\/2022\/09\/v-067b.png 875w, https:\/\/beximpaletten.cz\/wp-content\/uploads\/2022\/09\/v-067b-300x240.png 300w, https:\/\/beximpaletten.cz\/wp-content\/uploads\/2022\/09\/v-067b-600x480.png 600w, https:\/\/beximpaletten.cz\/wp-content\/uploads\/2022\/09\/v-067b-768x614.png 768w\" sizes=\"(max-width: 875px) 100vw, 875px\" \/><\/a><\/figure><div class=\"elementor-image-box-content\"><h3 class=\"elementor-image-box-title\"><a href=\"https:\/\/beximpaletten.cz\/de\/produkte\/logistika-v-agrikulture\/box-na-zeli-v-067b\/\">Box <br>na zel\u00ed V-067(B)<\/a><\/h3><\/div><\/div>\t\t\t\t<\/div>\n\t\t\t\t<\/div>\n\t\t\t\t\t<\/div>\n\t\t<\/div>\n\t\t\t\t\t<\/div>\n\t\t<\/section>\n\t\t\t\t<section class=\"elementor-section elementor-inner-section elementor-element elementor-element-89f1322 elementor-section-content-middle elementor-section-boxed elementor-section-height-default elementor-section-height-default\" data-id=\"89f1322\" data-element_type=\"section\" data-e-type=\"section\">\n\t\t\t\t\t\t<div class=\"elementor-container elementor-column-gap-no\">\n\t\t\t\t\t<div class=\"elementor-column elementor-col-25 elementor-inner-column elementor-element elementor-element-5c6cf87\" data-id=\"5c6cf87\" data-element_type=\"column\" data-e-type=\"column\" data-settings=\"{&quot;background_background&quot;:&quot;classic&quot;}\">\n\t\t\t<div class=\"elementor-widget-wrap elementor-element-populated\">\n\t\t\t\t\t\t<div class=\"elementor-element elementor-element-092601b elementor-position-top elementor-widget elementor-widget-image-box\" data-id=\"092601b\" data-element_type=\"widget\" data-e-type=\"widget\" data-widget_type=\"image-box.default\">\n\t\t\t\t<div class=\"elementor-widget-container\">\n\t\t\t\t\t<div class=\"elementor-image-box-wrapper\"><figure class=\"elementor-image-box-img\"><a href=\"https:\/\/beximpaletten.cz\/de\/produkte\/logistika-v-agrikulture\/box-na-zeli-v-046f\/\" tabindex=\"-1\"><img loading=\"lazy\" decoding=\"async\" width=\"875\" height=\"700\" src=\"https:\/\/beximpaletten.cz\/wp-content\/uploads\/2022\/09\/v-046f.png\" class=\"elementor-animation-grow attachment-full size-full wp-image-630\" alt=\"\" srcset=\"https:\/\/beximpaletten.cz\/wp-content\/uploads\/2022\/09\/v-046f.png 875w, https:\/\/beximpaletten.cz\/wp-content\/uploads\/2022\/09\/v-046f-300x240.png 300w, https:\/\/beximpaletten.cz\/wp-content\/uploads\/2022\/09\/v-046f-600x480.png 600w, https:\/\/beximpaletten.cz\/wp-content\/uploads\/2022\/09\/v-046f-768x614.png 768w\" sizes=\"(max-width: 875px) 100vw, 875px\" \/><\/a><\/figure><div class=\"elementor-image-box-content\"><h3 class=\"elementor-image-box-title\"><a href=\"https:\/\/beximpaletten.cz\/de\/produkte\/logistika-v-agrikulture\/box-na-zeli-v-046f\/\">Box <br>na zel\u00ed V-046(F)<\/a><\/h3><\/div><\/div>\t\t\t\t<\/div>\n\t\t\t\t<\/div>\n\t\t\t\t\t<\/div>\n\t\t<\/div>\n\t\t\t\t<div class=\"elementor-column elementor-col-25 elementor-inner-column elementor-element elementor-element-5d5fe0e\" data-id=\"5d5fe0e\" data-element_type=\"column\" data-e-type=\"column\" data-settings=\"{&quot;background_background&quot;:&quot;classic&quot;}\">\n\t\t\t<div class=\"elementor-widget-wrap\">\n\t\t\t\t\t\t\t<\/div>\n\t\t<\/div>\n\t\t\t\t<div class=\"elementor-column elementor-col-25 elementor-inner-column elementor-element elementor-element-edd88d2\" data-id=\"edd88d2\" data-element_type=\"column\" data-e-type=\"column\" data-settings=\"{&quot;background_background&quot;:&quot;classic&quot;}\">\n\t\t\t<div class=\"elementor-widget-wrap\">\n\t\t\t\t\t\t\t<\/div>\n\t\t<\/div>\n\t\t\t\t<div class=\"elementor-column elementor-col-25 elementor-inner-column elementor-element elementor-element-13e55ac\" data-id=\"13e55ac\" data-element_type=\"column\" data-e-type=\"column\" data-settings=\"{&quot;background_background&quot;:&quot;classic&quot;}\">\n\t\t\t<div class=\"elementor-widget-wrap\">\n\t\t\t\t\t\t\t<\/div>\n\t\t<\/div>\n\t\t\t\t\t<\/div>\n\t\t<\/section>\n\t\t\t\t\t<\/div>\n\t\t<\/div>\n\t\t\t\t\t<\/div>\n\t\t<\/section>\n\t\t\t\t<section class=\"elementor-section elementor-top-section elementor-element elementor-element-3467c224 elementor-section-content-middle elementor-section-boxed elementor-section-height-default elementor-section-height-default\" data-id=\"3467c224\" data-element_type=\"section\" data-e-type=\"section\" id=\"form\" data-settings=\"{&quot;background_background&quot;:&quot;classic&quot;}\">\n\t\t\t\t\t\t\t<div class=\"elementor-background-overlay\"><\/div>\n\t\t\t\t\t\t\t<div class=\"elementor-container elementor-column-gap-no\">\n\t\t\t\t\t<div class=\"elementor-column elementor-col-100 elementor-top-column elementor-element elementor-element-71403d45\" data-id=\"71403d45\" data-element_type=\"column\" data-e-type=\"column\">\n\t\t\t<div class=\"elementor-widget-wrap elementor-element-populated\">\n\t\t\t\t\t\t<div class=\"elementor-element elementor-element-641b0e9f elementor-widget elementor-widget-heading\" data-id=\"641b0e9f\" data-element_type=\"widget\" data-e-type=\"widget\" data-widget_type=\"heading.default\">\n\t\t\t\t<div class=\"elementor-widget-container\">\n\t\t\t\t\t<h4 class=\"elementor-heading-title elementor-size-default\">Zaujala v\u00e1s na\u0161e nab\u00eddka?<\/h4>\t\t\t\t<\/div>\n\t\t\t\t<\/div>\n\t\t\t\t<div class=\"elementor-element elementor-element-6855b28 elementor-widget elementor-widget-text-editor\" data-id=\"6855b28\" data-element_type=\"widget\" data-e-type=\"widget\" data-widget_type=\"text-editor.default\">\n\t\t\t\t<div class=\"elementor-widget-container\">\n\t\t\t\t\t\t\t\t\t<p>Pokud v\u00e1s na\u0161e nab\u00eddka zaujala, pop\u0159. m\u00e1te jak\u00fdkoliv jin\u00fd dotaz, nev\u00e1hejte n\u00e1s kontaktovat.<\/p>\n\t\t\t\t\t\t\t\t<\/div>\n\t\t\t\t<\/div>\n\t\t\t\t<div class=\"elementor-element elementor-element-f373724 elementor-button-align-stretch elementor-widget elementor-widget-global elementor-global-530 elementor-widget-form\" data-id=\"f373724\" data-element_type=\"widget\" data-e-type=\"widget\" data-settings=\"{&quot;step_next_label&quot;:&quot;Next&quot;,&quot;step_previous_label&quot;:&quot;Previous&quot;,&quot;button_width&quot;:&quot;100&quot;,&quot;step_type&quot;:&quot;number_text&quot;,&quot;step_icon_shape&quot;:&quot;circle&quot;}\" data-widget_type=\"form.default\">\n\t\t\t\t<div class=\"elementor-widget-container\">\n\t\t\t\t\t\t\t<form class=\"elementor-form\" method=\"post\" name=\"Formular -  produkty\" aria-label=\"Formular -  produkty\">\n\t\t\t<input type=\"hidden\" name=\"post_id\" value=\"2503\"\/>\n\t\t\t<input type=\"hidden\" name=\"form_id\" value=\"f373724\"\/>\n\t\t\t<input type=\"hidden\" name=\"referer_title\" value=\"\" \/>\n\n\t\t\t\n\t\t\t<div class=\"elementor-form-fields-wrapper elementor-labels-above\">\n\t\t\t\t\t\t\t\t<div class=\"elementor-field-type-text elementor-field-group elementor-column elementor-field-group-field_9659510 elementor-col-50\">\n\t\t\t\t\t\t\t\t\t\t\t\t<label for=\"form-field-field_9659510\" class=\"elementor-field-label\">\n\t\t\t\t\t\t\t\tJm\u00e9no\t\t\t\t\t\t\t<\/label>\n\t\t\t\t\t\t\t\t\t\t\t\t\t\t<input size=\"1\" type=\"text\" name=\"form_fields[field_9659510]\" id=\"form-field-field_9659510\" class=\"elementor-field elementor-size-sm  elementor-field-textual\">\n\t\t\t\t\t\t\t\t\t\t\t<\/div>\n\t\t\t\t\t\t\t\t<div class=\"elementor-field-type-text elementor-field-group elementor-column elementor-field-group-name elementor-col-50\">\n\t\t\t\t\t\t\t\t\t\t\t\t<label for=\"form-field-name\" class=\"elementor-field-label\">\n\t\t\t\t\t\t\t\tN\u00e1zev spole\u010dnosti\t\t\t\t\t\t\t<\/label>\n\t\t\t\t\t\t\t\t\t\t\t\t\t\t<input size=\"1\" type=\"text\" name=\"form_fields[name]\" id=\"form-field-name\" class=\"elementor-field elementor-size-sm  elementor-field-textual\">\n\t\t\t\t\t\t\t\t\t\t\t<\/div>\n\t\t\t\t\t\t\t\t<div class=\"elementor-field-type-email elementor-field-group elementor-column elementor-field-group-email elementor-col-50 elementor-field-required\">\n\t\t\t\t\t\t\t\t\t\t\t\t<label for=\"form-field-email\" class=\"elementor-field-label\">\n\t\t\t\t\t\t\t\tE-mail\t\t\t\t\t\t\t<\/label>\n\t\t\t\t\t\t\t\t\t\t\t\t\t\t<input size=\"1\" type=\"email\" name=\"form_fields[email]\" id=\"form-field-email\" class=\"elementor-field elementor-size-sm  elementor-field-textual\" required=\"required\">\n\t\t\t\t\t\t\t\t\t\t\t<\/div>\n\t\t\t\t\t\t\t\t<div class=\"elementor-field-type-tel elementor-field-group elementor-column elementor-field-group-field_ce3825c elementor-col-50\">\n\t\t\t\t\t\t\t\t\t\t\t\t<label for=\"form-field-field_ce3825c\" class=\"elementor-field-label\">\n\t\t\t\t\t\t\t\tTelefon\t\t\t\t\t\t\t<\/label>\n\t\t\t\t\t\t\t\t<input size=\"1\" type=\"tel\" name=\"form_fields[field_ce3825c]\" id=\"form-field-field_ce3825c\" class=\"elementor-field elementor-size-sm  elementor-field-textual\" pattern=\"[0-9()#&amp;+*-=.]+\" title=\"Nur Nummern oder Telefon-Zeichen (#, -, *, etc) werden akzeptiert.\">\n\n\t\t\t\t\t\t<\/div>\n\t\t\t\t\t\t\t\t<div class=\"elementor-field-type-textarea elementor-field-group elementor-column elementor-field-group-message elementor-col-100\">\n\t\t\t\t\t\t\t\t\t\t\t\t<label for=\"form-field-message\" class=\"elementor-field-label\">\n\t\t\t\t\t\t\t\tZpr\u00e1va\t\t\t\t\t\t\t<\/label>\n\t\t\t\t\t\t<textarea class=\"elementor-field-textual elementor-field  elementor-size-sm\" name=\"form_fields[message]\" id=\"form-field-message\" rows=\"4\"><\/textarea>\t\t\t\t<\/div>\n\t\t\t\t\t\t\t\t<div class=\"elementor-field-type-recaptcha_v3 elementor-field-group elementor-column elementor-field-group-field_a705dbc elementor-col-100 recaptcha_v3-bottomright\">\n\t\t\t\t\t<div class=\"elementor-field\" id=\"form-field-field_a705dbc\"><div class=\"elementor-g-recaptcha\" data-sitekey=\"6LePvCQqAAAAAGBZ4BsoTyndbrkSb-bnGm8GUwpz\" data-type=\"v3\" data-action=\"Form\" data-badge=\"bottomright\" data-size=\"invisible\"><\/div><\/div>\t\t\t\t<\/div>\n\t\t\t\t\t\t\t\t<div class=\"elementor-field-group elementor-column elementor-field-type-submit elementor-col-100 e-form__buttons\">\n\t\t\t\t\t<button class=\"elementor-button elementor-size-sm\" type=\"submit\">\n\t\t\t\t\t\t<span class=\"elementor-button-content-wrapper\">\n\t\t\t\t\t\t\t\t\t\t\t\t\t\t\t\t\t\t\t\t\t\t<span class=\"elementor-button-text\">Odeslat<\/span>\n\t\t\t\t\t\t\t\t\t\t\t\t\t<\/span>\n\t\t\t\t\t<\/button>\n\t\t\t\t<\/div>\n\t\t\t<\/div>\n\t\t<\/form>\n\t\t\t\t\t\t<\/div>\n\t\t\t\t<\/div>\n\t\t\t\t\t<\/div>\n\t\t<\/div>\n\t\t\t\t\t<\/div>\n\t\t<\/section>\n\t\t\t\t<\/div>\n\t\t","protected":false},"excerpt":{"rendered":"<p>Logistika v agrikultu\u0159e Kovov\u00e9 p\u0159epravn\u00edky slou\u017e\u00edc\u00ed pro p\u011bstov\u00e1n\u00ed sazenic ve sklen\u00edc\u00edch, d\u00e1le skladov\u00e1n\u00ed a jejich n\u00e1slednou p\u0159epravu. Kovov\u00e9 boxy lze vyu\u017e\u00edt k uskladn\u011bn\u00ed a p\u0159eprav\u011b zeleniny (zel\u00ed, kv\u011bt\u00e1k atd.) Palety na sazenice.\u00a0 Hlavn\u00ed p\u0159ednosti: povrchov\u00e1 \u00faprava \u017e\u00e1rov\u00fd nebo galvanick\u00fd zinek vysok\u00e1 nosnost a\u017e 1000 kg mo\u017enost stohov\u00e1n\u00ed flexibilita rozm\u011br\u016f Paleta pro sazenice V-007 Paleta pro [&hellip;]<\/p>\n","protected":false},"author":1,"featured_media":0,"parent":2499,"menu_order":0,"comment_status":"closed","ping_status":"closed","template":"","meta":{"_acf_changed":false,"footnotes":""},"class_list":["post-2503","page","type-page","status-publish","hentry"],"acf":[],"_links":{"self":[{"href":"https:\/\/beximpaletten.cz\/de\/wp-json\/wp\/v2\/pages\/2503","targetHints":{"allow":["GET"]}}],"collection":[{"href":"https:\/\/beximpaletten.cz\/de\/wp-json\/wp\/v2\/pages"}],"about":[{"href":"https:\/\/beximpaletten.cz\/de\/wp-json\/wp\/v2\/types\/page"}],"author":[{"embeddable":true,"href":"https:\/\/beximpaletten.cz\/de\/wp-json\/wp\/v2\/users\/1"}],"replies":[{"embeddable":true,"href":"https:\/\/beximpaletten.cz\/de\/wp-json\/wp\/v2\/comments?post=2503"}],"version-history":[{"count":1,"href":"https:\/\/beximpaletten.cz\/de\/wp-json\/wp\/v2\/pages\/2503\/revisions"}],"predecessor-version":[{"id":2510,"href":"https:\/\/beximpaletten.cz\/de\/wp-json\/wp\/v2\/pages\/2503\/revisions\/2510"}],"up":[{"embeddable":true,"href":"https:\/\/beximpaletten.cz\/de\/wp-json\/wp\/v2\/pages\/2499"}],"wp:attachment":[{"href":"https:\/\/beximpaletten.cz\/de\/wp-json\/wp\/v2\/media?parent=2503"}],"curies":[{"name":"wp","href":"https:\/\/api.w.org\/{rel}","templated":true}]}}